{"id":13429,"date":"2024-02-06T15:10:45","date_gmt":"2024-02-06T13:10:45","guid":{"rendered":"https:\/\/www.dinitech.at\/certificates\/"},"modified":"2024-09-11T11:42:09","modified_gmt":"2024-09-11T09:42:09","slug":"certificates","status":"publish","type":"page","link":"https:\/\/www.dinitech.at\/en\/certificates\/","title":{"rendered":"Certificates"},"content":{"rendered":"<section  class='av_textblock_section av-lsvt06w3-d7b2d822a8c4dfa1053e53934ba9fbda '  ><div class='av-desktop-hide av-medium-hide avia_textblock' >\n<\/div><\/section>\n<section  class='av_textblock_section av-lsmw4334-06a0adf82c133702ec293bfc9f5c9814 '  ><div class='av-small-hide av-mini-hide avia_textblock' >\n<\/div><\/section>\n<div  class='flex_column av-5d0yrs-0c28b8f0e12167dff6ed3139b4b1b63d av_one_full  avia-builder-el-2  el_after_av_textblock  el_before_av_hr  first flex_column_div  column-top-margin'     ><\/div>\n<div  class='hr av-lsx37w95-b0cafdb7a4f846493ec95d5e823ea1f8 hr-default  avia-builder-el-3  el_after_av_one_full  el_before_av_textblock  av-desktop-hide av-medium-hide'><span class='hr-inner '><span class=\"hr-inner-style\"><\/span><\/span><\/div>\n<section  class='av_textblock_section av-lsae2810-c54d34193f0cfb9f191d440fe94fe6d8 '  ><div class='avia_textblock' ><h2 style=\"text-align: center;\">OUR CERTIFICATES<\/h2>\n<\/div><\/section>\n<section  class='av_textblock_section av-lsvs1vka-e68fc1e09d87b1018d667cf99c755bda '  ><div class='avia_textblock' ><p style=\"text-align: center;\">In today&#8217;s fast-paced and increasingly demanding business world, we understand the importance of ensuring quality, safety, and excellence in every aspect of our work. Our <strong>certifications<\/strong> not only reflect our commitment to the <strong>highest standards<\/strong> in our industry, but also our constant pursuit of <strong>improvement and innovation.<\/strong><\/p>\n<p style=\"text-align: center;\">Here is an overview of the <strong>various certificates<\/strong> we have acquired over the years. Each <strong>certification<\/strong> is a testament to our <strong>expertise<\/strong>, our commitment to <strong>sustainability<\/strong>, our reliability as a <strong>business partner,<\/strong> and our <strong>responsibility to society and the environment.<\/strong><\/p>\n<\/div><\/section>\n<section  class='av_textblock_section av-lsvnyyqa-d22c4915f16c4f31e8cb168868091f7c '  ><div class='av-small-hide av-mini-hide avia_textblock' >\n<\/div><\/section>\n<section  class='av_textblock_section av-lsvsjsf0-9338515961baf247e2443baae3d7d9bf '  ><div class='av-desktop-hide av-medium-hide avia_textblock' >\n<\/div><\/section>\n<div  class='flex_column av-mdyq20-6413f0ea8dc2055e84328a7f98e011b3 av_one_full  avia-builder-el-8  el_after_av_textblock  el_before_av_hr  first flex_column_div  column-top-margin'     ><\/div>\n<div  class='hr av-vraxew-850987101d65766c5c3dcbcdeae80a2c hr-default  avia-builder-el-9  el_after_av_one_full  el_before_av_textblock '><span class='hr-inner '><span class=\"hr-inner-style\"><\/span><\/span><\/div>\n<section  class='av_textblock_section av-lsvs2eds-9d473f6ef320121bdf6cdb946485f20d '  ><div class='avia_textblock' ><h2 style=\"text-align: center;\">DOWNLOADS<\/h2>\n<\/div><\/section>\n<section  class='av_textblock_section av-lsvs32k0-72fa2f379f35dab1608290eefb87e6b7 '  ><div class='avia_textblock' ><p style=\"text-align: center;\"><span class=\"ui-provider ed axd axe axf axg axh axi axj axk axl axm axn axo axp axq axr axs axt axu axv axw axx axy axz aya ayb ayc ayd aye ayf ayg ayh ayi ayj ayk\" dir=\"ltr\"><strong>Downloads<\/strong> for the documents of the <strong>certifications<\/strong> are available here. If additional information or <strong>specific documents<\/strong> are needed that are not listed here, our team can be reached at <a class=\"fui-Link ___1rxvrpe f2hkw1w f3rmtva f1ewtqcl fyind8e f1k6fduh f1w7gpdv fk6fouc fjoy568 figsok6 f1hu3pq6 f11qmguv f19f4twv f1tyq0we f1g0x7ka fhxju0i f1qch9an f1cnd47f fqv5qza f1vmzxwi f1o700av f13mvf36 f1cmlufx f9n3di6 f1ids18y f1tx3yz7 f1deo86v f1eh06m1 f1iescvh fhgqx19 f1olyrje f1p93eir f1nev41a f1h8hb77 f1lqvz6u f10aw75t fsle3fq f17ae5zn\" title=\"mailto:office@dinitech.at\" href=\"mailto:office@dinitech.at\" target=\"_blank\" rel=\"noreferrer noopener\" aria-label=\"Link office@dinitech.at\">office@dinitech.at.<\/a><\/span><\/p>\n<\/div><\/section>\n<div class='flex_column_table av-2nef7jc-07ef4915df92314bb8e8241c11a3bc4d sc-av_one_third av-equal-height-column-flextable'><div  class='flex_column av-2nef7jc-07ef4915df92314bb8e8241c11a3bc4d av_one_third  avia-builder-el-12  el_after_av_textblock  el_before_av_one_third  first flex_column_table_cell av-equal-height-column av-align-bottom  column-top-margin'     ><p>\n<style type=\"text\/css\" data-created_by=\"avia_inline_auto\" id=\"style-css-av-lsadwcuv-e9ca68d416944402be574ef4e71efc39\">\n.avia-image-container.av-lsadwcuv-e9ca68d416944402be574ef4e71efc39 img.avia_image{\nbox-shadow:none;\n}\n.avia-image-container.av-lsadwcuv-e9ca68d416944402be574ef4e71efc39 .av-image-caption-overlay-center{\ncolor:#ffffff;\n}\n<\/style>\n<div  class='avia-image-container av-lsadwcuv-e9ca68d416944402be574ef4e71efc39 av-styling- av-img-linked avia-align-center  avia-builder-el-13  el_before_av_textblock  avia-builder-el-first '  ><div class=\"avia-image-container-inner\"><div class=\"avia-image-overlay-wrap\"><a href=\"https:\/\/www.dinitech.at\/wp-content\/uploads\/2024\/09\/20240911_DiniTech-ISO9001_DE_EN_komprimiert.pdf\" class='avia_image '  target=\"_blank\"  rel=\"noopener noreferrer\" aria-label='dinitech_z_deu_qm_11'><img decoding=\"async\" fetchpriority=\"high\" class='wp-image-12734 avia-img-lazy-loading-not-12734 avia_image ' src=\"https:\/\/www.dinitech.at\/wp-content\/uploads\/2021\/10\/dinitech_z_deu_qm_11-213x300.png\" alt='' title='dinitech_z_deu_qm_11'  height=\"300\" width=\"213\" srcset=\"https:\/\/www.dinitech.at\/wp-content\/uploads\/2021\/10\/dinitech_z_deu_qm_11-213x300.png 213w, https:\/\/www.dinitech.at\/wp-content\/uploads\/2021\/10\/dinitech_z_deu_qm_11-730x1030.png 730w, https:\/\/www.dinitech.at\/wp-content\/uploads\/2021\/10\/dinitech_z_deu_qm_11-768x1083.png 768w, https:\/\/www.dinitech.at\/wp-content\/uploads\/2021\/10\/dinitech_z_deu_qm_11-1089x1536.png 1089w, https:\/\/www.dinitech.at\/wp-content\/uploads\/2021\/10\/dinitech_z_deu_qm_11-1452x2048.png 1452w, https:\/\/www.dinitech.at\/wp-content\/uploads\/2021\/10\/dinitech_z_deu_qm_11-1063x1500.png 1063w, https:\/\/www.dinitech.at\/wp-content\/uploads\/2021\/10\/dinitech_z_deu_qm_11-500x705.png 500w, https:\/\/www.dinitech.at\/wp-content\/uploads\/2021\/10\/dinitech_z_deu_qm_11.png 1418w\" sizes=\"(max-width: 213px) 100vw, 213px\" \/><\/a><\/div><\/div><\/div><br \/>\n<section  class='av_textblock_section av-lsadx0wt-8a36b841c009854c283e121825a12861 '  ><div class='avia_textblock' ><h3 style=\"text-align: center;\"><a href=\"https:\/\/www.dinitech.at\/wp-content\/uploads\/2024\/09\/20240911_DiniTech-ISO9001_DE_EN_komprimiert.pdf\" target=\"_blank\" rel=\"noopener\">Certificate for the management system according to EN ISO 9001:2015<\/a><\/h3>\n<\/div><\/section><\/p><\/div><div class='av-flex-placeholder'><\/div><div  class='flex_column av-av_one_third-776923162c92d83497802fbc6ee5cf68 av_one_third  avia-builder-el-15  el_after_av_one_third  el_before_av_one_third  flex_column_table_cell av-equal-height-column av-align-bottom  column-top-margin'     ><p>\n<style type=\"text\/css\" data-created_by=\"avia_inline_auto\" id=\"style-css-av-ltd2pwer-2e26976620e311fd6d499361429954f3\">\n.avia-image-container.av-ltd2pwer-2e26976620e311fd6d499361429954f3 img.avia_image{\nbox-shadow:none;\n}\n.avia-image-container.av-ltd2pwer-2e26976620e311fd6d499361429954f3 .av-image-caption-overlay-center{\ncolor:#ffffff;\n}\n<\/style>\n<div  class='avia-image-container av-ltd2pwer-2e26976620e311fd6d499361429954f3 av-styling- av-img-linked avia-align-center  avia-builder-el-16  el_before_av_textblock  avia-builder-el-first '  ><div class=\"avia-image-container-inner\"><div class=\"avia-image-overlay-wrap\"><a href=\"https:\/\/www.dinitech.at\/wp-content\/uploads\/2024\/03\/20230925_DiniTech-ISO41001-45001_DE_EN.pdf\" class='avia_image '  target=\"_blank\"  rel=\"noopener noreferrer\" aria-label='20230925_ISO14001 45001'><img decoding=\"async\" fetchpriority=\"high\" class='wp-image-13773 avia-img-lazy-loading-not-13773 avia_image ' src=\"https:\/\/www.dinitech.at\/wp-content\/uploads\/2024\/03\/20230925_ISO14001-45001.png\" alt='' title='20230925_ISO14001 45001'  height=\"167\" width=\"250\"  \/><\/a><\/div><\/div><\/div><br \/>\n<section  class='av_textblock_section av-ltd2q3od-6feba56bc5e8d4518a3670c6f4f2ed40 '  ><div class='avia_textblock' ><h3 style=\"text-align: center;\"><a href=\"https:\/\/www.dinitech.at\/wp-content\/uploads\/2024\/03\/20230925_DiniTech-ISO41001-45001_DE_EN.pdf\" target=\"_blank\" rel=\"noopener\">Certificate for the management system according to EN ISO 45001:2018 and EN ISO 14001:2015<\/a><\/h3>\n<\/div><\/section><\/p><\/div><\/p>\n<div class='av-flex-placeholder'><\/div><div  class='flex_column av-6ab3hk-4331ad30ae69b142c68c41e91515f086 av_one_third  avia-builder-el-18  el_after_av_one_third  el_before_av_one_third  flex_column_table_cell av-equal-height-column av-align-bottom  column-top-margin'     ><p>\n<style type=\"text\/css\" data-created_by=\"avia_inline_auto\" id=\"style-css-av-lsadzdtr-e0cfb9f415cf6d666288efc3dff443f2\">\n.avia-image-container.av-lsadzdtr-e0cfb9f415cf6d666288efc3dff443f2 img.avia_image{\nbox-shadow:none;\n}\n.avia-image-container.av-lsadzdtr-e0cfb9f415cf6d666288efc3dff443f2 .av-image-caption-overlay-center{\ncolor:#ffffff;\n}\n<\/style>\n<div  class='avia-image-container av-lsadzdtr-e0cfb9f415cf6d666288efc3dff443f2 av-styling- av-img-linked avia-align-center  avia-builder-el-19  el_before_av_textblock  avia-builder-el-first '  ><div class=\"avia-image-container-inner\"><div class=\"avia-image-overlay-wrap\"><a href=\"https:\/\/www.dinitech.at\/wp-content\/uploads\/2021\/09\/Z_OVE_89044-002-00.pdf\" class='avia_image '  target=\"_blank\"  rel=\"noopener noreferrer\" aria-label='Z_OVE_89044-002-00-001'><img decoding=\"async\" fetchpriority=\"high\" class='wp-image-12726 avia-img-lazy-loading-not-12726 avia_image ' src=\"https:\/\/www.dinitech.at\/wp-content\/uploads\/2021\/09\/Z_OVE_89044-002-00-001-212x300.png\" alt='' title='Z_OVE_89044-002-00-001'  height=\"300\" width=\"212\" srcset=\"https:\/\/www.dinitech.at\/wp-content\/uploads\/2021\/09\/Z_OVE_89044-002-00-001-212x300.png 212w, https:\/\/www.dinitech.at\/wp-content\/uploads\/2021\/09\/Z_OVE_89044-002-00-001-728x1030.png 728w, https:\/\/www.dinitech.at\/wp-content\/uploads\/2021\/09\/Z_OVE_89044-002-00-001-768x1086.png 768w, https:\/\/www.dinitech.at\/wp-content\/uploads\/2021\/09\/Z_OVE_89044-002-00-001-1086x1536.png 1086w, https:\/\/www.dinitech.at\/wp-content\/uploads\/2021\/09\/Z_OVE_89044-002-00-001-1060x1500.png 1060w, https:\/\/www.dinitech.at\/wp-content\/uploads\/2021\/09\/Z_OVE_89044-002-00-001-498x705.png 498w, https:\/\/www.dinitech.at\/wp-content\/uploads\/2021\/09\/Z_OVE_89044-002-00-001.png 1240w\" sizes=\"(max-width: 212px) 100vw, 212px\" \/><\/a><\/div><\/div><\/div><br \/>\n<section  class='av_textblock_section av-lsadzkk2-14ab64c2b7a0f919e73a2b3f3fd7341c '  ><div class='avia_textblock' ><h3 style=\"text-align: center;\"><a href=\"https:\/\/www.dinitech.at\/wp-content\/uploads\/2021\/09\/Z_OVE_89044-002-00.pdf\" target=\"_blank\" rel=\"noopener\">\u00d6VE certificate for IC-CPD<\/a><\/h3>\n<\/div><\/section><\/p><\/div><\/div><!--close column table wrapper. Autoclose: 1 -->\n<div  class='flex_column av-1b1fgdk-15ed13a5ac21fd235737dc77e13351c1 av_one_third  avia-builder-el-21  el_after_av_one_third  el_before_av_one_third  first flex_column_div  column-top-margin'     ><p>\n<style type=\"text\/css\" data-created_by=\"avia_inline_auto\" id=\"style-css-av-lsae0bf9-090cf366fcd56f0d9664d783ee8bc441\">\n.avia-image-container.av-lsae0bf9-090cf366fcd56f0d9664d783ee8bc441 img.avia_image{\nbox-shadow:none;\n}\n.avia-image-container.av-lsae0bf9-090cf366fcd56f0d9664d783ee8bc441 .av-image-caption-overlay-center{\ncolor:#ffffff;\n}\n<\/style>\n<div  class='avia-image-container av-lsae0bf9-090cf366fcd56f0d9664d783ee8bc441 av-styling- av-img-linked avia-align-center  avia-builder-el-22  el_before_av_textblock  avia-builder-el-first '  ><div class=\"avia-image-container-inner\"><div class=\"avia-image-overlay-wrap\"><a href=\"https:\/\/www.dinitech.at\/wp-content\/uploads\/2024\/05\/20240522_VDE-Approval_01.pdf\" class='avia_image '  target=\"_blank\"  rel=\"noopener noreferrer\" aria-label='VDE Approval DiniTech 2024'><img decoding=\"async\" fetchpriority=\"high\" class='wp-image-15439 avia-img-lazy-loading-not-15439 avia_image ' src=\"https:\/\/www.dinitech.at\/wp-content\/uploads\/2024\/05\/20240522_VDE-Approval_01_Seite_1-212x300.png\" alt='VDE Approval DiniTech 2024' title='VDE Approval DiniTech 2024'  height=\"300\" width=\"212\" srcset=\"https:\/\/www.dinitech.at\/wp-content\/uploads\/2024\/05\/20240522_VDE-Approval_01_Seite_1-212x300.png 212w, https:\/\/www.dinitech.at\/wp-content\/uploads\/2024\/05\/20240522_VDE-Approval_01_Seite_1-728x1030.png 728w, https:\/\/www.dinitech.at\/wp-content\/uploads\/2024\/05\/20240522_VDE-Approval_01_Seite_1-768x1087.png 768w, https:\/\/www.dinitech.at\/wp-content\/uploads\/2024\/05\/20240522_VDE-Approval_01_Seite_1-1085x1536.png 1085w, https:\/\/www.dinitech.at\/wp-content\/uploads\/2024\/05\/20240522_VDE-Approval_01_Seite_1-1060x1500.png 1060w, https:\/\/www.dinitech.at\/wp-content\/uploads\/2024\/05\/20240522_VDE-Approval_01_Seite_1-498x705.png 498w, https:\/\/www.dinitech.at\/wp-content\/uploads\/2024\/05\/20240522_VDE-Approval_01_Seite_1.png 1190w\" sizes=\"(max-width: 212px) 100vw, 212px\" \/><\/a><\/div><\/div><\/div><br \/>\n<section  class='av_textblock_section av-lsae0lj6-0ff9750bc7b083d96acfc1f5c2232a41 '  ><div class='avia_textblock' ><h3 style=\"text-align: center;\"><a href=\"https:\/\/www.dinitech.at\/wp-content\/uploads\/2024\/05\/20240522_VDE-Approval_01.pdf\" target=\"_blank\" rel=\"noopener\">VDE certificate for IC-CPD<\/a><\/h3>\n<\/div><\/section><\/p><\/div>\n<div  class='flex_column av-29nluo8-5efa7045dd22f8c124ab06fa11a77f0c av_one_third  avia-builder-el-24  el_after_av_one_third  el_before_av_one_third  flex_column_div  column-top-margin'     ><p>\n<style type=\"text\/css\" data-created_by=\"avia_inline_auto\" id=\"style-css-av-lsadxwxc-3deae043771232681148a9a3c72890a1\">\n.avia-image-container.av-lsadxwxc-3deae043771232681148a9a3c72890a1 img.avia_image{\nbox-shadow:none;\n}\n.avia-image-container.av-lsadxwxc-3deae043771232681148a9a3c72890a1 .av-image-caption-overlay-center{\ncolor:#ffffff;\n}\n<\/style>\n<div  class='avia-image-container av-lsadxwxc-3deae043771232681148a9a3c72890a1 av-styling- av-img-linked avia-align-center  avia-builder-el-25  el_before_av_textblock  avia-builder-el-first '  ><div class=\"avia-image-container-inner\"><div class=\"avia-image-overlay-wrap\"><a href=\"https:\/\/www.dinitech.at\/wp-content\/uploads\/2024\/07\/20240715_OeVE-Zertifikat-fuer-die-ueberwachte-Fertigungsstaette.pdf\" class='avia_image '  target=\"_blank\"  rel=\"noopener noreferrer\" aria-label='20240715_\u00d6VE Zertifikat f\u00fcr die \u00fcberwachte Fertigungsst\u00e4tte-01'><img decoding=\"async\" fetchpriority=\"high\" class='wp-image-15866 avia-img-lazy-loading-not-15866 avia_image ' src=\"https:\/\/www.dinitech.at\/wp-content\/uploads\/2024\/07\/20240715_OeVE-Zertifikat-fuer-die-ueberwachte-Fertigungsstaette-01-212x300.webp\" alt='DiniTech \u00d6VE Zertifikat f\u00fcr die \u00fcberwachte Fertigungsst\u00e4tte-01' title='20240715_\u00d6VE Zertifikat f\u00fcr die \u00fcberwachte Fertigungsst\u00e4tte-01'  height=\"300\" width=\"212\" srcset=\"https:\/\/www.dinitech.at\/wp-content\/uploads\/2024\/07\/20240715_OeVE-Zertifikat-fuer-die-ueberwachte-Fertigungsstaette-01-212x300.webp 212w, https:\/\/www.dinitech.at\/wp-content\/uploads\/2024\/07\/20240715_OeVE-Zertifikat-fuer-die-ueberwachte-Fertigungsstaette-01-728x1030.webp 728w, https:\/\/www.dinitech.at\/wp-content\/uploads\/2024\/07\/20240715_OeVE-Zertifikat-fuer-die-ueberwachte-Fertigungsstaette-01-768x1086.webp 768w, https:\/\/www.dinitech.at\/wp-content\/uploads\/2024\/07\/20240715_OeVE-Zertifikat-fuer-die-ueberwachte-Fertigungsstaette-01-1086x1536.webp 1086w, https:\/\/www.dinitech.at\/wp-content\/uploads\/2024\/07\/20240715_OeVE-Zertifikat-fuer-die-ueberwachte-Fertigungsstaette-01-1448x2048.webp 1448w, https:\/\/www.dinitech.at\/wp-content\/uploads\/2024\/07\/20240715_OeVE-Zertifikat-fuer-die-ueberwachte-Fertigungsstaette-01-1061x1500.webp 1061w, https:\/\/www.dinitech.at\/wp-content\/uploads\/2024\/07\/20240715_OeVE-Zertifikat-fuer-die-ueberwachte-Fertigungsstaette-01-498x705.webp 498w, https:\/\/www.dinitech.at\/wp-content\/uploads\/2024\/07\/20240715_OeVE-Zertifikat-fuer-die-ueberwachte-Fertigungsstaette-01-scaled.webp 1414w\" sizes=\"(max-width: 212px) 100vw, 212px\" \/><\/a><\/div><\/div><\/div><br \/>\n<section  class='av_textblock_section av-lsady9yl-27b0a9d6cbf9a893ab3f3d4a662e4d68 '  ><div class='avia_textblock' ><h3 style=\"text-align: center;\"><a href=\"https:\/\/www.dinitech.at\/wp-content\/uploads\/2024\/07\/20240715_OeVE-Zertifikat-fuer-die-ueberwachte-Fertigungsstaette.pdf\" target=\"_blank\" rel=\"noopener\">\u00d6VE Certificate for the monitored production facility<\/a><\/h3>\n<\/div><\/section><\/p><\/div>\n<div  class='flex_column av-av_one_third-776923162c92d83497802fbc6ee5cf68 av_one_third  avia-builder-el-27  el_after_av_one_third  el_before_av_one_third  flex_column_div  column-top-margin'     ><p>\n<style type=\"text\/css\" data-created_by=\"avia_inline_auto\" id=\"style-css-av-lymsj3q1-7489f0f4ec8fdc7fc881272db0f5859f\">\n.avia-image-container.av-lymsj3q1-7489f0f4ec8fdc7fc881272db0f5859f img.avia_image{\nbox-shadow:none;\n}\n.avia-image-container.av-lymsj3q1-7489f0f4ec8fdc7fc881272db0f5859f .av-image-caption-overlay-center{\ncolor:#ffffff;\n}\n<\/style>\n<div  class='avia-image-container av-lymsj3q1-7489f0f4ec8fdc7fc881272db0f5859f av-styling- av-img-linked avia-align-center  avia-builder-el-28  el_before_av_textblock  avia-builder-el-first '  ><div class=\"avia-image-container-inner\"><div class=\"avia-image-overlay-wrap\"><a href=\"https:\/\/www.dinitech.at\/wp-content\/uploads\/2024\/07\/20240715_VDE-Zertifikat-fuer-die-ueberwachte-Fertigungsstaette-.pdf\" class='avia_image '  target=\"_blank\"  rel=\"noopener noreferrer\" aria-label='20240715_VDE Zertifikat f\u00fcr die \u00fcberwachte Fertigungsst\u00e4tte'><img decoding=\"async\" fetchpriority=\"high\" class='wp-image-15864 avia-img-lazy-loading-not-15864 avia_image ' src=\"https:\/\/www.dinitech.at\/wp-content\/uploads\/2024\/07\/20240715_VDE-Zertifikat-fuer-die-ueberwachte-Fertigungsstaette-212x300.webp\" alt='DiniTech VDE Zertifikat f\u00fcr die \u00fcberwachte Fertigungsst\u00e4tte' title='20240715_VDE Zertifikat f\u00fcr die \u00fcberwachte Fertigungsst\u00e4tte'  height=\"300\" width=\"212\" srcset=\"https:\/\/www.dinitech.at\/wp-content\/uploads\/2024\/07\/20240715_VDE-Zertifikat-fuer-die-ueberwachte-Fertigungsstaette-212x300.webp 212w, https:\/\/www.dinitech.at\/wp-content\/uploads\/2024\/07\/20240715_VDE-Zertifikat-fuer-die-ueberwachte-Fertigungsstaette-728x1030.webp 728w, https:\/\/www.dinitech.at\/wp-content\/uploads\/2024\/07\/20240715_VDE-Zertifikat-fuer-die-ueberwachte-Fertigungsstaette-768x1086.webp 768w, https:\/\/www.dinitech.at\/wp-content\/uploads\/2024\/07\/20240715_VDE-Zertifikat-fuer-die-ueberwachte-Fertigungsstaette-1086x1536.webp 1086w, https:\/\/www.dinitech.at\/wp-content\/uploads\/2024\/07\/20240715_VDE-Zertifikat-fuer-die-ueberwachte-Fertigungsstaette-1448x2048.webp 1448w, https:\/\/www.dinitech.at\/wp-content\/uploads\/2024\/07\/20240715_VDE-Zertifikat-fuer-die-ueberwachte-Fertigungsstaette-1061x1500.webp 1061w, https:\/\/www.dinitech.at\/wp-content\/uploads\/2024\/07\/20240715_VDE-Zertifikat-fuer-die-ueberwachte-Fertigungsstaette-498x705.webp 498w, https:\/\/www.dinitech.at\/wp-content\/uploads\/2024\/07\/20240715_VDE-Zertifikat-fuer-die-ueberwachte-Fertigungsstaette-scaled.webp 1414w\" sizes=\"(max-width: 212px) 100vw, 212px\" \/><\/a><\/div><\/div><\/div><br \/>\n<section  class='av_textblock_section av-lymsho12-ca61b73eb312574e90b35cac96fddc82 '  ><div class='avia_textblock' ><h3 style=\"text-align: center;\"><a href=\"https:\/\/www.dinitech.at\/wp-content\/uploads\/2024\/07\/20240715_VDE-Zertifikat-fuer-die-ueberwachte-Fertigungsstaette-.pdf\" target=\"_blank\" rel=\"noopener\">VDE Certificate for the monitored production facility<\/a><\/h3>\n<\/div><\/section><\/p><\/div>\n<div  class='flex_column av-lsvoxa97-6ed13abdf72c25bad95366f33541cdf4 av_one_third  avia-builder-el-30  el_after_av_one_third  avia-builder-el-last  first flex_column_div  column-top-margin'     ><p>\n<style type=\"text\/css\" data-created_by=\"avia_inline_auto\" id=\"style-css-av-15fyd9k-94c478a4f47112a5fe02b650b01fc866\">\n.avia-image-container.av-15fyd9k-94c478a4f47112a5fe02b650b01fc866 img.avia_image{\nbox-shadow:none;\n}\n.avia-image-container.av-15fyd9k-94c478a4f47112a5fe02b650b01fc866 .av-image-caption-overlay-center{\ncolor:#ffffff;\n}\n<\/style>\n<div  class='avia-image-container av-15fyd9k-94c478a4f47112a5fe02b650b01fc866 av-styling- av-img-linked avia-align-center  avia-builder-el-31  el_before_av_textblock  avia-builder-el-first '  ><div class=\"avia-image-container-inner\"><div class=\"avia-image-overlay-wrap\"><a href=\"https:\/\/www.dinitech.at\/wp-content\/uploads\/2024\/05\/20240522_CB-Report_01.pdf\" class='avia_image '  target=\"_blank\"  rel=\"noopener noreferrer\" aria-label='CB Report DiniTech 2024'><img decoding=\"async\" fetchpriority=\"high\" class='wp-image-15437 avia-img-lazy-loading-not-15437 avia_image ' src=\"https:\/\/www.dinitech.at\/wp-content\/uploads\/2024\/05\/20240522_CB-Report_01_Seite_1-212x300.png\" alt='CB Report DiniTech 2024' title='CB Report DiniTech 2024'  height=\"300\" width=\"212\" srcset=\"https:\/\/www.dinitech.at\/wp-content\/uploads\/2024\/05\/20240522_CB-Report_01_Seite_1-212x300.png 212w, https:\/\/www.dinitech.at\/wp-content\/uploads\/2024\/05\/20240522_CB-Report_01_Seite_1-728x1030.png 728w, https:\/\/www.dinitech.at\/wp-content\/uploads\/2024\/05\/20240522_CB-Report_01_Seite_1-768x1086.png 768w, https:\/\/www.dinitech.at\/wp-content\/uploads\/2024\/05\/20240522_CB-Report_01_Seite_1-1086x1536.png 1086w, https:\/\/www.dinitech.at\/wp-content\/uploads\/2024\/05\/20240522_CB-Report_01_Seite_1-1448x2048.png 1448w, https:\/\/www.dinitech.at\/wp-content\/uploads\/2024\/05\/20240522_CB-Report_01_Seite_1-1061x1500.png 1061w, https:\/\/www.dinitech.at\/wp-content\/uploads\/2024\/05\/20240522_CB-Report_01_Seite_1-499x705.png 499w, https:\/\/www.dinitech.at\/wp-content\/uploads\/2024\/05\/20240522_CB-Report_01_Seite_1.png 1654w\" sizes=\"(max-width: 212px) 100vw, 212px\" \/><\/a><\/div><\/div><\/div><br \/>\n<section  class='av_textblock_section av-jkc13c-7d80e42dd8c0542c1cf02374d8123960 '  ><div class='avia_textblock' ><h3 style=\"text-align: center;\"><a href=\"https:\/\/www.dinitech.at\/wp-content\/uploads\/2024\/05\/20240522_CB-Report_01.pdf\" target=\"_blank\" rel=\"noopener\">CB Report<\/a><\/h3>\n<\/div><\/section><\/p><\/div>\n","protected":false},"excerpt":{"rendered":"","protected":false},"author":6,"featured_media":0,"parent":0,"menu_order":0,"comment_status":"closed","ping_status":"closed","template":"","meta":{"footnotes":""},"class_list":["post-13429","page","type-page","status-publish","hentry"],"_links":{"self":[{"href":"https:\/\/www.dinitech.at\/en\/wp-json\/wp\/v2\/pages\/13429","targetHints":{"allow":["GET"]}}],"collection":[{"href":"https:\/\/www.dinitech.at\/en\/wp-json\/wp\/v2\/pages"}],"about":[{"href":"https:\/\/www.dinitech.at\/en\/wp-json\/wp\/v2\/types\/page"}],"author":[{"embeddable":true,"href":"https:\/\/www.dinitech.at\/en\/wp-json\/wp\/v2\/users\/6"}],"replies":[{"embeddable":true,"href":"https:\/\/www.dinitech.at\/en\/wp-json\/wp\/v2\/comments?post=13429"}],"version-history":[{"count":0,"href":"https:\/\/www.dinitech.at\/en\/wp-json\/wp\/v2\/pages\/13429\/revisions"}],"wp:attachment":[{"href":"https:\/\/www.dinitech.at\/en\/wp-json\/wp\/v2\/media?parent=13429"}],"curies":[{"name":"wp","href":"https:\/\/api.w.org\/{rel}","templated":true}]}}